{"id":120,"date":"2024-09-20T12:12:31","date_gmt":"2024-09-20T12:12:31","guid":{"rendered":"http:\/\/www.vaclavkarel.cz\/?page_id=120"},"modified":"2024-09-24T16:23:58","modified_gmt":"2024-09-24T16:23:58","slug":"for-sale","status":"publish","type":"page","link":"https:\/\/www.vaclavkarel.cz\/index.php\/for-sale\/","title":{"rendered":"For sale"},"content":{"rendered":"\n<p><\/p>\n\n\n\n<h5 class=\"has-text-align-center\">Prodejn\u00ed nab\u00eddka se p\u0159ipravuje.<\/h5>\n","protected":false},"excerpt":{"rendered":"<p>Prodejn\u00ed nab\u00eddka se p\u0159ipravuje.<\/p>\n","protected":false},"author":1,"featured_media":0,"parent":0,"menu_order":0,"comment_status":"closed","ping_status":"closed","template":"","meta":[],"uagb_featured_image_src":{"full":false,"thumbnail":false,"medium":false,"medium_large":false,"large":false,"1536x1536":false,"2048x2048":false},"uagb_author_info":{"display_name":"vaclavkare","author_link":"https:\/\/www.vaclavkarel.cz\/index.php\/author\/vaclavkare\/"},"uagb_comment_info":0,"uagb_excerpt":"Prodejn\u00ed nab\u00eddka se p\u0159ipravuje.","_links":{"self":[{"href":"https:\/\/www.vaclavkarel.cz\/index.php\/wp-json\/wp\/v2\/pages\/120"}],"collection":[{"href":"https:\/\/www.vaclavkarel.cz\/index.php\/wp-json\/wp\/v2\/pages"}],"about":[{"href":"https:\/\/www.vaclavkarel.cz\/index.php\/wp-json\/wp\/v2\/types\/page"}],"author":[{"embeddable":true,"href":"https:\/\/www.vaclavkarel.cz\/index.php\/wp-json\/wp\/v2\/users\/1"}],"replies":[{"embeddable":true,"href":"https:\/\/www.vaclavkarel.cz\/index.php\/wp-json\/wp\/v2\/comments?post=120"}],"version-history":[{"count":4,"href":"https:\/\/www.vaclavkarel.cz\/index.php\/wp-json\/wp\/v2\/pages\/120\/revisions"}],"predecessor-version":[{"id":351,"href":"https:\/\/www.vaclavkarel.cz\/index.php\/wp-json\/wp\/v2\/pages\/120\/revisions\/351"}],"wp:attachment":[{"href":"https:\/\/www.vaclavkarel.cz\/index.php\/wp-json\/wp\/v2\/media?parent=120"}],"curies":[{"name":"wp","href":"https:\/\/api.w.org\/{rel}","templated":true}]}}