{"id":148,"date":"2024-09-20T12:31:27","date_gmt":"2024-09-20T12:31:27","guid":{"rendered":"http:\/\/www.vaclavkarel.cz\/?page_id=148"},"modified":"2025-07-28T17:51:07","modified_gmt":"2025-07-28T17:51:07","slug":"prehled-vystav","status":"publish","type":"page","link":"https:\/\/www.vaclavkarel.cz\/index.php\/prehled-vystav\/","title":{"rendered":"P\u0159ehled v\u00fdstav"},"content":{"rendered":"\n<p><strong>1932 <\/strong>v\u016fbec poprv\u00e9 vystavuje \u2013 se Sdru\u017een\u00edm z\u00e1pado\u010desk\u00fdch v\u00fdtvarn\u00edk\u016f v&nbsp;Plzni<br><strong>1933 <\/strong>na ja\u0159e prvn\u00ed samostatn\u00e1 v\u00fdstava \u2013 v&nbsp;Hradci Kr\u00e1lov\u00e9<br><strong>1935 \u2013 1939 <\/strong>opakovan\u011b na v\u00fdtvarn\u00fdch salonech v&nbsp;Hradci Kr\u00e1lov\u00e9 a ve Zl\u00edn\u011b<br><strong>od roku 1937 <\/strong>\u010dlenem Um\u011bleck\u00e9 besedy a pravideln\u011b se z\u00fa\u010dast\u0148uje jej\u00edch v\u00fdstav<br><strong>1943 <\/strong>prvn\u00ed samostatn\u00e1 v\u00fdstava v&nbsp;Praze v&nbsp;Al\u0161ov\u011b s\u00edni Um\u011bleck\u00e9 besedy<br>\u201eSouborn\u00e1 v\u00fdstava obraz\u016f, ilustrac\u00ed, kreseb a grafiky\u201c 13.2 \u2013 21.3.1943<br><strong>1954 <\/strong>v\u00fdstava ilustrac\u00ed v pra\u017esk\u00e9m M\u00e1nesu<br><strong>1956 <\/strong>Bien\u00e1le Ben\u00e1tky It\u00e1lie a Illustrations of Chidren\u00b4s books ve Swansea\/Wales<br><strong>1957 <\/strong>samostatn\u00e1 v\u00fdstava ilustrac\u00ed a kreseb v&nbsp;Al\u0161ov\u011b s\u00edni UB 8.11 \u2013 1.12<br><strong>1963 <\/strong>v\u00fdstava ilustrac\u00ed v&nbsp;okresn\u00ed lidov\u00e9 knihovn\u011b v N\u00e1chod\u011b<\/p>\n\n\n\n<p>V pades\u00e1t\u00fdch a \u0161edes\u00e1t\u00fdch letech Karlovy ilustrace byly vystaveny p\u0159i prezentac\u00edch \u010deskoslovensk\u00e9ho v\u00fdtvarn\u00e9ho um\u011bn\u00ed v&nbsp;SSSR, Bulharsku, \u010c\u00edn\u011b, Vietnamu, Francii (Nantes), SRN a NDR (Hamburg, Leipzig) a na v\u0161ech p\u0159ehl\u00eddk\u00e1ch v&nbsp;J\u00edzd\u00e1rn\u011b Pra\u017esk\u00e9ho hradu.<\/p>\n\n\n\n<p><strong>1968 <\/strong>p\u0159ehl\u00eddka sou\u010dasn\u00e9ho \u010ds. v\u00fdtvarn\u00e9ho um\u011bn\u00ed k&nbsp;v\u00fdro\u010d\u00ed 50 let vzniku \u010cSSR<br>v Obecn\u00edm dom\u011b v Praze Karl\u016fv obraz SISYFOS byl vyhl\u00e1\u0161en nejlep\u0161\u00edm<br>obrazem v\u00fdstavy<\/p>\n\n\n\n<hr class=\"wp-block-separator has-text-color has-background is-style-wide\" style=\"background-color:#946820;color:#946820\"\/>\n\n\n\n<p><strong>1971<\/strong> 1. posmrtn\u00e1 v\u00fdstava \u201ez&nbsp;tvorby posledn\u00edch let\u201c v&nbsp;Praze v&nbsp;Galerii \u010cs. Spisovatel<br><strong>1977<\/strong> 2. posmrtn\u00e1 v\u00fdstava tamt\u00e9\u017e jako p\u0159ipom\u00ednka celo\u017eivotn\u00edho d\u00edla<\/p>\n\n\n\n<p>V&nbsp;osmdes\u00e1t\u00fdch a devades\u00e1t\u00fdch letech byly po\u0159\u00e1d\u00e1ny mal\u00e9 v\u00fdstavy ilustrac\u00ed a kreseb v&nbsp;Nymburku, T\u0159eboni, v&nbsp;Praze a tak\u00e9 v&nbsp;It\u00e1lii (Villanuova sul Clisi 1998 a Tignale 1999).<\/p>\n\n\n\n<p><strong>2002<\/strong> <strong>k v\u00fdro\u010d\u00ed 100 let narozen\u00ed<\/strong> byly po\u0159\u00e1d\u00e1ny v\u00fdstavy v&nbsp;Z\u00e1pado\u010desk\u00e9 galerii v&nbsp;Plzni, a v&nbsp;italsk\u00e9m m\u011bst\u011b Villanuova sul Clisi, a tak\u00e9 v&nbsp;Galerii Vy\u0161ehrad v&nbsp;Praze.<br><strong>2003<\/strong> t\u0159i v\u00fdstavy v&nbsp;pokra\u010dov\u00e1n\u00ed p\u0159ipom\u00ednky stolet\u00e9ho v\u00fdro\u010d\u00ed narozen\u00ed : GVU v&nbsp;Havl\u00ed\u010dkov\u011b Brod\u011b po\u0159\u00e1dala v\u00fdstavu ve dnech 11.4 \u201325.5 dal\u0161\u00ed v\u00fdstava se konala v&nbsp;listopadu v italsk\u00e9m m\u011bst\u011b Castenedolo (Brescia) pod n\u00e1zvem Draghi, Principi e Principesse (Draci, Princov\u00e9 a Princezny) a je\u0161t\u011b dal\u0161\u00ed v\u00fdstavu uspo\u0159\u00e1dalo v&nbsp;prosinci \u010cesk\u00e9 centrum v&nbsp;Dr\u00e1\u017e\u010fanech.<br><strong>2004<\/strong> v&nbsp;dubnu v&nbsp;prodejn\u00ed galerii v&nbsp;\u0158\u00ed\u010danech<br><strong>2005<\/strong> 19. \u2013 31.\u010dervence v Z\u00e1meck\u00e9 galerii v&nbsp;T\u0159eboni, d\u00e1le v&nbsp;\u0159\u00edjnu v&nbsp;galerii Za vr\u00e1tky v&nbsp;T\u00e1bo\u0159e<br><strong>2006<\/strong> v&nbsp;lednu \u2013 b\u0159eznu U St\u0159\u00edbrn\u00e9 li\u0161ky v&nbsp;Praze na Poho\u0159elci,<br>o pr\u00e1zdnin\u00e1ch v&nbsp;knihkupectv\u00ed a antikvari\u00e1t\u011b ve Slan\u00e9m<br>na podzim v&nbsp;Jind\u0159ichov\u011b Hradci, v&nbsp;Antikvari\u00e1t\u011b Bastion v&nbsp;T\u00e1bo\u0159e a znovu v&nbsp;T\u0159eboni<br><strong>2008<\/strong> jako rod\u00e1kovi z Plze\u0148ska uspo\u0159\u00e1dala v\u00fdstavu spole\u010dnost Bohemia Sekt ve Star\u00e9m Plzenci, hned n\u00e1sleduj\u00edc\u00ed v\u00fdstavu tam m\u011bl Karel Gott !<br><strong>2009<\/strong> v&nbsp;listopadu \u2013 prosinci v&nbsp;galerii Scarabeus v&nbsp;Praze 7 Na Letn\u00e9<br><strong>2010<\/strong> mal\u00e1 prodejn\u00ed v\u00fdstava v&nbsp;hotelu Astra Srby \u2013 Kladno<br><strong>2012<\/strong> v\u00fdstava ilustr\u00e1torsk\u00e9ho d\u00edla ve Slov\u00e1ck\u00e9 galerii v Uhersk\u00e9m Hradi\u0161ti<br><strong>2013<\/strong> v&nbsp;It\u00e1lii \u2013 v&nbsp;Brescii ve dnech 10.5 \u2013 1.6 v&nbsp;galerii Galv\u00edna v&nbsp;Bechyni v z\u00e1\u0159\u00ed<br><strong>2019 <\/strong>k&nbsp;50. v\u00fdro\u010d\u00ed \u00famrt\u00ed a sou\u010dasn\u011b ke stolet\u00e9mu v\u00fdro\u010d\u00ed maturity na keramick\u00e9 \u0161kole v&nbsp;Bechyni se konala v\u00fdstava v&nbsp;m\u00edstn\u00ed galerii Galv\u00edna.<br><strong>2021<\/strong> v\u00fdstava ilustrac\u00ed dopln\u011bn\u00e1 v\u00fdborem z&nbsp;celo\u017eivotn\u00edho d\u00edla mal\u00ed\u0159sk\u00e9ho i grafick\u00e9ho ve dnech 6.5 \u2013 20.6 ve Star\u00e9m z\u00e1mku v&nbsp;Ho\u0159ovic\u00edch.<br><strong>2022<\/strong> v&nbsp;muzeu J. V. Sl\u00e1dka ve Zbirohu 30.6 \u2013 28.8 v&nbsp;Z\u00e1pado\u010desk\u00e9 galerii v&nbsp;Plzni listopad 2022 \u2013 leden 2023 (vernis\u00e1\u017e v&nbsp;Plzni 15.11.2022)<br><strong>2024<\/strong> v&nbsp;M\u011bstsk\u00e9 galerii v&nbsp;Beroun\u011b 19.6 \u2013 12.7 v&nbsp;Galerii Samson Caf\u00e9e v&nbsp;Rakovn\u00edku ve dnech 1.10 \u2013 15.11.<\/p>\n\n\n\n<div class=\"wp-block-buttons aligncenter\">\n<div class=\"wp-block-button\"><a class=\"wp-block-button__link has-background no-border-radius\" href=\"https:\/\/www.vaclavkarel.cz\/index.php\/plakaty-a-pozvanky\/\" style=\"background-color:#87490d\">plak\u00e1ty a pozv\u00e1nky<\/a><\/div>\n<\/div>\n\n\n\n<p class=\"has-text-align-center\">Jedn\u00e1 se o dal\u0161\u00edch v\u00fdstav\u00e1ch na rok 2026.<\/p>\n\n\n\n<p class=\"has-text-align-center has-text-color\" style=\"font-size:28px;color:#9b5101\"><strong>Jubilejn\u00ed v\u00fdstava<\/strong><\/p>\n\n\n\n<p class=\"has-text-align-center\">se p\u0159ipravuje v\u00a0Muzeu v\u00fdchodn\u00edch \u010cech v\u00a0Hradci Kr\u00e1lov\u00e9 k\u00a0v\u00fdro\u010d\u00ed 125 let narozen\u00ed v\u00a0jarn\u00edm term\u00ednu 2027; pr\u00e1v\u011b zde m\u011bl KAREL svou prvn\u00ed samostatnou v\u00fdstavu (resp. spole\u010dn\u011b s\u00a0plze\u0148sk\u00fdm mal\u00ed\u0159em Josefem Hodkem) a to na ja\u0159e 1933.<\/p>\n\n\n\n<div class=\"wp-block-image\"><figure class=\"aligncenter size-full is-resized\"><img loading=\"lazy\" src=\"https:\/\/www.vaclavkarel.cz\/wp-content\/uploads\/2025\/04\/Muzeum-HK.jpeg\" alt=\"\" class=\"wp-image-408\" width=\"589\" height=\"391\" srcset=\"https:\/\/www.vaclavkarel.cz\/wp-content\/uploads\/2025\/04\/Muzeum-HK.jpeg 600w, https:\/\/www.vaclavkarel.cz\/wp-content\/uploads\/2025\/04\/Muzeum-HK-300x199.jpeg 300w\" sizes=\"(max-width: 589px) 100vw, 589px\" \/><\/figure><\/div>\n","protected":false},"excerpt":{"rendered":"<p>1932 v\u016fbec poprv\u00e9 vystavuje \u2013 se Sdru\u017een\u00edm z\u00e1pado\u010desk\u00fdch v\u00fdtvarn\u00edk\u016f v&nbsp;Plzni1933 na ja\u0159e prvn\u00ed samostatn\u00e1 v\u00fdstava \u2013 v&nbsp;Hradci Kr\u00e1lov\u00e91935 \u2013 1939 opakovan\u011b na v\u00fdtvarn\u00fdch salonech v&nbsp;Hradci Kr\u00e1lov\u00e9 a ve Zl\u00edn\u011bod roku 1937 \u010dlenem Um\u011bleck\u00e9 besedy a pravideln\u011b se z\u00fa\u010dast\u0148uje jej\u00edch v\u00fdstav1943 prvn\u00ed samostatn\u00e1 v\u00fdstava v&nbsp;Praze v&nbsp;Al\u0161ov\u011b s\u00edni Um\u011bleck\u00e9 besedy\u201eSouborn\u00e1 v\u00fdstava obraz\u016f, ilustrac\u00ed, kreseb a grafiky\u201c 13.2 [&hellip;]<\/p>\n","protected":false},"author":1,"featured_media":0,"parent":0,"menu_order":0,"comment_status":"closed","ping_status":"closed","template":"","meta":[],"uagb_featured_image_src":{"full":false,"thumbnail":false,"medium":false,"medium_large":false,"large":false,"1536x1536":false,"2048x2048":false},"uagb_author_info":{"display_name":"vaclavkare","author_link":"https:\/\/www.vaclavkarel.cz\/index.php\/author\/vaclavkare\/"},"uagb_comment_info":0,"uagb_excerpt":"1932 v\u016fbec poprv\u00e9 vystavuje \u2013 se Sdru\u017een\u00edm z\u00e1pado\u010desk\u00fdch v\u00fdtvarn\u00edk\u016f v&nbsp;Plzni1933 na ja\u0159e prvn\u00ed samostatn\u00e1 v\u00fdstava \u2013 v&nbsp;Hradci Kr\u00e1lov\u00e91935 \u2013 1939 opakovan\u011b na v\u00fdtvarn\u00fdch salonech v&nbsp;Hradci Kr\u00e1lov\u00e9 a ve Zl\u00edn\u011bod roku 1937 \u010dlenem Um\u011bleck\u00e9 besedy a pravideln\u011b se z\u00fa\u010dast\u0148uje jej\u00edch v\u00fdstav1943 prvn\u00ed samostatn\u00e1 v\u00fdstava v&nbsp;Praze v&nbsp;Al\u0161ov\u011b s\u00edni Um\u011bleck\u00e9 besedy\u201eSouborn\u00e1 v\u00fdstava obraz\u016f, ilustrac\u00ed, kreseb a grafiky\u201c 13.2&hellip;","_links":{"self":[{"href":"https:\/\/www.vaclavkarel.cz\/index.php\/wp-json\/wp\/v2\/pages\/148"}],"collection":[{"href":"https:\/\/www.vaclavkarel.cz\/index.php\/wp-json\/wp\/v2\/pages"}],"about":[{"href":"https:\/\/www.vaclavkarel.cz\/index.php\/wp-json\/wp\/v2\/types\/page"}],"author":[{"embeddable":true,"href":"https:\/\/www.vaclavkarel.cz\/index.php\/wp-json\/wp\/v2\/users\/1"}],"replies":[{"embeddable":true,"href":"https:\/\/www.vaclavkarel.cz\/index.php\/wp-json\/wp\/v2\/comments?post=148"}],"version-history":[{"count":10,"href":"https:\/\/www.vaclavkarel.cz\/index.php\/wp-json\/wp\/v2\/pages\/148\/revisions"}],"predecessor-version":[{"id":429,"href":"https:\/\/www.vaclavkarel.cz\/index.php\/wp-json\/wp\/v2\/pages\/148\/revisions\/429"}],"wp:attachment":[{"href":"https:\/\/www.vaclavkarel.cz\/index.php\/wp-json\/wp\/v2\/media?parent=148"}],"curies":[{"name":"wp","href":"https:\/\/api.w.org\/{rel}","templated":true}]}}