{"id":2,"date":"2021-04-11T15:28:53","date_gmt":"2021-04-11T15:28:53","guid":{"rendered":"http:\/\/localhost\/wordpress\/?page_id=2"},"modified":"2026-04-11T10:01:17","modified_gmt":"2026-04-11T10:01:17","slug":"sample-page","status":"publish","type":"page","link":"https:\/\/www.vaclavkarel.cz\/","title":{"rendered":"\u00davod"},"content":{"rendered":"\n<p class=\"has-text-align-center\"><strong>Prezentace z\u00a0Karlovy tvorby \u2013 ka\u017ed\u00fd m\u011bs\u00edc jin\u00e9 d\u00edlo<\/strong><br>duben 2026<\/p>\n\n\n\n<div class=\"wp-block-image\"><figure class=\"aligncenter size-full is-resized\"><img loading=\"lazy\" src=\"https:\/\/www.vaclavkarel.cz\/wp-content\/uploads\/2026\/04\/20260403_123320-\u2013-upraveno.jpg\" alt=\"\" class=\"wp-image-466\" width=\"995\" height=\"680\" srcset=\"https:\/\/www.vaclavkarel.cz\/wp-content\/uploads\/2026\/04\/20260403_123320-\u2013-upraveno.jpg 2557w, https:\/\/www.vaclavkarel.cz\/wp-content\/uploads\/2026\/04\/20260403_123320-\u2013-upraveno-300x205.jpg 300w, https:\/\/www.vaclavkarel.cz\/wp-content\/uploads\/2026\/04\/20260403_123320-\u2013-upraveno-1024x701.jpg 1024w, https:\/\/www.vaclavkarel.cz\/wp-content\/uploads\/2026\/04\/20260403_123320-\u2013-upraveno-768x526.jpg 768w, https:\/\/www.vaclavkarel.cz\/wp-content\/uploads\/2026\/04\/20260403_123320-\u2013-upraveno-1536x1051.jpg 1536w, https:\/\/www.vaclavkarel.cz\/wp-content\/uploads\/2026\/04\/20260403_123320-\u2013-upraveno-2048x1402.jpg 2048w\" sizes=\"(max-width: 995px) 100vw, 995px\" \/><\/figure><\/div>\n\n\n\n<p class=\"has-text-align-center has-small-font-size\"><em>Ilustrace do leporela N\u00e1\u0161 rok, 1944<\/em><\/p>\n","protected":false},"excerpt":{"rendered":"<p>Prezentace z\u00a0Karlovy tvorby \u2013 ka\u017ed\u00fd m\u011bs\u00edc jin\u00e9 d\u00edloduben 2026 Ilustrace do leporela N\u00e1\u0161 rok, 1944<\/p>\n","protected":false},"author":1,"featured_media":0,"parent":0,"menu_order":0,"comment_status":"closed","ping_status":"open","template":"","meta":[],"uagb_featured_image_src":{"full":false,"thumbnail":false,"medium":false,"medium_large":false,"large":false,"1536x1536":false,"2048x2048":false},"uagb_author_info":{"display_name":"vaclavkare","author_link":"https:\/\/www.vaclavkarel.cz\/index.php\/author\/vaclavkare\/"},"uagb_comment_info":0,"uagb_excerpt":"Prezentace z\u00a0Karlovy tvorby \u2013 ka\u017ed\u00fd m\u011bs\u00edc jin\u00e9 d\u00edloduben 2026 Ilustrace do leporela N\u00e1\u0161 rok, 1944","_links":{"self":[{"href":"https:\/\/www.vaclavkarel.cz\/index.php\/wp-json\/wp\/v2\/pages\/2"}],"collection":[{"href":"https:\/\/www.vaclavkarel.cz\/index.php\/wp-json\/wp\/v2\/pages"}],"about":[{"href":"https:\/\/www.vaclavkarel.cz\/index.php\/wp-json\/wp\/v2\/types\/page"}],"author":[{"embeddable":true,"href":"https:\/\/www.vaclavkarel.cz\/index.php\/wp-json\/wp\/v2\/users\/1"}],"replies":[{"embeddable":true,"href":"https:\/\/www.vaclavkarel.cz\/index.php\/wp-json\/wp\/v2\/comments?post=2"}],"version-history":[{"count":35,"href":"https:\/\/www.vaclavkarel.cz\/index.php\/wp-json\/wp\/v2\/pages\/2\/revisions"}],"predecessor-version":[{"id":467,"href":"https:\/\/www.vaclavkarel.cz\/index.php\/wp-json\/wp\/v2\/pages\/2\/revisions\/467"}],"wp:attachment":[{"href":"https:\/\/www.vaclavkarel.cz\/index.php\/wp-json\/wp\/v2\/media?parent=2"}],"curies":[{"name":"wp","href":"https:\/\/api.w.org\/{rel}","templated":true}]}}